{"id":3,"date":"2024-11-23T14:18:47","date_gmt":"2024-11-23T14:18:47","guid":{"rendered":"https:\/\/toiture.kraken-design.eu\/?page_id=3"},"modified":"2025-07-07T15:13:54","modified_gmt":"2025-07-07T15:13:54","slug":"privacy-policy","status":"publish","type":"page","link":"https:\/\/leperigordetsestoitures.fr\/index.php\/privacy-policy\/","title":{"rendered":"Mention L\u00e9gales"},"content":{"rendered":"\t\t<div data-elementor-type=\"wp-page\" data-elementor-id=\"3\" class=\"elementor elementor-3\" data-elementor-post-type=\"page\">\n\t\t\t\t<div class=\"elementor-element elementor-element-747f1c0 e-flex e-con-boxed e-con e-parent\" data-id=\"747f1c0\" data-element_type=\"container\">\n\t\t\t\t\t<div class=\"e-con-inner\">\n\t\t\t\t<div class=\"elementor-element elementor-element-7e5491a7 elementor-widget elementor-widget-text-editor\" data-id=\"7e5491a7\" data-element_type=\"widget\" data-widget_type=\"text-editor.default\">\n\t\t\t\t<div class=\"elementor-widget-container\">\n\t\t\t\t\t\t\t<p>D\u00e9nomination sociale\u00a0: Le P\u00e9rigord et ses toitures<\/p><p><a href=\"https:\/\/www.economie.gouv.fr\/entreprises\/entreprise-choisir-statut-juridique\">Forme<\/a> juridique\u00a0: \u2026\u2026\u2026\u2026\u2026\u2026\u2026\u2026<\/p><p>Montant du capital social\u00a0: \u2026\u2026\u2026\u2026\u2026\u2026\u2026..<\/p><p>adresse du si\u00e8ge social\u00a0: \u2026\u2026\u2026\u2026\u2026\u2026\u2026\u2026\u2026\u2026..<\/p><p>Courier \u00e9lectronique : <a href=\"mailto:P\u00e9rigord.toiture@gmail.com\">perigord.toiture@gmail.com<\/a><\/p><p>Num\u00e9ro d\u2019immatriculation au\u00a0<a href=\"https:\/\/entreprendre.service-public.fr\/actualites\/A15855\">registre national unique des entreprises (RNE)<\/a>\u00a0: \u2026\u2026\u2026\u2026\u2026\u2026\u2026.<\/p><p><strong>N\u00b0 d\u2019assuj\u00e9tissement \u00e0 la TVA : FR\u2026\u2026\u2026\u2026<\/strong><\/p><p><strong><br \/><\/strong><strong>Directeur de r\u00e9daction et de publication : Le P\u00e9rigord et ses toitures<\/strong><\/p><p>le nom de l\u2019h\u00e9bergeur\u00a0:<\/p><p>la raison sociale\u00a0:<\/p><p>l\u2019adresse\u00a0:<\/p><p>le num\u00e9ro de t\u00e9l\u00e9phone\u00a0:<\/p><p><strong>Confidentialit\u00e9 :<\/strong><strong><br \/>Le P\u00e9rigord et ses toitures<\/strong><strong> n\u2019enregistre pas d\u2019informations personnelles permettant l\u2019identification, \u00e0 l\u2019exception des formulaires que l\u2019utilisateur est libre de remplir. Ces informations ne seront pas utilis\u00e9es sans votre accord, nous les utiliserons seulement pour vous adresser des courriers, des brochures, des devis ou vous contacter. Les informations recueillies sur le site b\u00e9n\u00e9ficient de la protection de la loi \u00ab\u00a0Informatique et Libert\u00e9s\u00a0\u00bb n\u00b0 78-17 du 06 janvier 1978. Elles b\u00e9n\u00e9ficient d\u2019un droit d\u2019acc\u00e8s, de rectification, d\u2019opposition \u00e0 communication et de suppression sur simple demande \u00e0\u00a0: Le P\u00e9rigord et ses toitures\u2026\u2026&#8230;adresse . Le P\u00e9rigord et ses toitures pourra proc\u00e9der \u00e0 des analyses statistiques sans que celles-ci soient nominatives et pourront en informer des tiers (organismes d\u2019\u00e9valuation de fr\u00e9quentation) sous une forme r\u00e9sum\u00e9e et non nominative.<\/strong><\/p><p><strong>Nous vous informons de l\u2019existence de la liste d\u2019opposition au d\u00e9marchage t\u00e9l\u00e9phonique \u00ab Bloctel \u00bb, sur laquelle vous pouvez vous inscrire sur le site https:\/\/conso.bloctel.fr\/.<\/strong><\/p><p><strong><br \/><\/strong><strong>M\u00e9diation de la Consommation :<\/strong><strong><br \/><\/strong><strong>En cas de d\u00e9saccord avec la r\u00e9ponse apport\u00e9e par le professionnel \u00e0 une r\u00e9clamation, le client-consommateur peut, dans les conditions pr\u00e9vues aux articles L612-1 et suivants du Code de la Consommation, saisir, par voie postale ou par courriel, le M\u00e9diateur de la Consommation Nom et adresse en consultant le site internet du M\u00e9diateur et en utilisant le formulaire en ligne pr\u00e9vu \u00e0 cet effet : <\/strong><strong>https\/\/\u2026\u2026\u2026\u2026.<\/strong><\/p>\t\t\t\t\t\t<\/div>\n\t\t\t\t<\/div>\n\t\t\t\t\t<\/div>\n\t\t\t\t<\/div>\n\t\t\t\t<\/div>\n\t\t","protected":false},"excerpt":{"rendered":"<p>D\u00e9nomination sociale\u00a0: Le P\u00e9rigord et ses toitures Forme juridique\u00a0: \u2026\u2026\u2026\u2026\u2026\u2026\u2026\u2026 Montant du capital social\u00a0: \u2026\u2026\u2026\u2026\u2026\u2026\u2026.. adresse du si\u00e8ge social\u00a0: \u2026\u2026\u2026\u2026\u2026\u2026\u2026\u2026\u2026\u2026.. Courier \u00e9lectronique : perigord.toiture@gmail.com Num\u00e9ro d\u2019immatriculation au\u00a0registre national unique des entreprises (RNE)\u00a0: \u2026\u2026\u2026\u2026\u2026\u2026\u2026. N\u00b0 d\u2019assuj\u00e9tissement \u00e0 la TVA : FR\u2026\u2026\u2026\u2026 Directeur de r\u00e9daction et de publication : Le P\u00e9rigord et ses toitures le nom de&hellip;<\/p>\n","protected":false},"author":1,"featured_media":0,"parent":0,"menu_order":0,"comment_status":"closed","ping_status":"open","template":"","meta":{"footnotes":""},"class_list":["post-3","page","type-page","status-publish","hentry"],"_links":{"self":[{"href":"https:\/\/leperigordetsestoitures.fr\/index.php\/wp-json\/wp\/v2\/pages\/3","targetHints":{"allow":["GET"]}}],"collection":[{"href":"https:\/\/leperigordetsestoitures.fr\/index.php\/wp-json\/wp\/v2\/pages"}],"about":[{"href":"https:\/\/leperigordetsestoitures.fr\/index.php\/wp-json\/wp\/v2\/types\/page"}],"author":[{"embeddable":true,"href":"https:\/\/leperigordetsestoitures.fr\/index.php\/wp-json\/wp\/v2\/users\/1"}],"replies":[{"embeddable":true,"href":"https:\/\/leperigordetsestoitures.fr\/index.php\/wp-json\/wp\/v2\/comments?post=3"}],"version-history":[{"count":10,"href":"https:\/\/leperigordetsestoitures.fr\/index.php\/wp-json\/wp\/v2\/pages\/3\/revisions"}],"predecessor-version":[{"id":11510,"href":"https:\/\/leperigordetsestoitures.fr\/index.php\/wp-json\/wp\/v2\/pages\/3\/revisions\/11510"}],"wp:attachment":[{"href":"https:\/\/leperigordetsestoitures.fr\/index.php\/wp-json\/wp\/v2\/media?parent=3"}],"curies":[{"name":"wp","href":"https:\/\/api.w.org\/{rel}","templated":true}]}}