{"id":11332,"date":"2024-12-02T14:31:32","date_gmt":"2024-12-02T14:31:32","guid":{"rendered":"https:\/\/toiture.kraken-design.eu\/?page_id=11332"},"modified":"2024-12-03T15:16:28","modified_gmt":"2024-12-03T15:16:28","slug":"desamiantage","status":"publish","type":"page","link":"https:\/\/leperigordetsestoitures.fr\/index.php\/desamiantage\/","title":{"rendered":"Desamiantage"},"content":{"rendered":"\t\t<div data-elementor-type=\"wp-page\" data-elementor-id=\"11332\" class=\"elementor elementor-11332\" data-elementor-post-type=\"page\">\n\t\t\t\t\t\t<section class=\"elementor-section elementor-top-section elementor-element elementor-element-63643e9 elementor-section-boxed elementor-section-height-default elementor-section-height-default\" data-id=\"63643e9\" data-element_type=\"section\">\n\t\t\t\t\t\t<div class=\"elementor-container elementor-column-gap-wider\">\n\t\t\t\t\t<div class=\"elementor-column elementor-col-100 elementor-top-column elementor-element elementor-element-e394ae9\" data-id=\"e394ae9\" data-element_type=\"column\">\n\t\t\t<div class=\"elementor-widget-wrap elementor-element-populated\">\n\t\t\t\t\t\t<div class=\"elementor-element elementor-element-38b5407 elementor-widget elementor-widget-heading\" data-id=\"38b5407\" data-element_type=\"widget\" data-widget_type=\"heading.default\">\n\t\t\t\t<div class=\"elementor-widget-container\">\n\t\t\t<h2 class=\"elementor-heading-title elementor-size-default\">D\u00e9samiantage professionnel dans le P\u00e9rigord<\/h2>\t\t<\/div>\n\t\t\t\t<\/div>\n\t\t\t\t<div class=\"elementor-element elementor-element-5ecdec6 elementor-widget elementor-widget-spacer\" data-id=\"5ecdec6\" data-element_type=\"widget\" data-widget_type=\"spacer.default\">\n\t\t\t\t<div class=\"elementor-widget-container\">\n\t\t\t\t\t<div class=\"elementor-spacer\">\n\t\t\t<div class=\"elementor-spacer-inner\"><\/div>\n\t\t<\/div>\n\t\t\t\t<\/div>\n\t\t\t\t<\/div>\n\t\t\t\t<div class=\"elementor-element elementor-element-1c055b5 elementor-widget elementor-widget-text-editor\" data-id=\"1c055b5\" data-element_type=\"widget\" data-widget_type=\"text-editor.default\">\n\t\t\t\t<div class=\"elementor-widget-container\">\n\t\t\t\t\t\t\t<p>Vous \u00eates propri\u00e9taire d\u2019un b\u00e2timent contenant de l\u2019amiante\u202f? Que ce soit pour une maison, un immeuble, ou un local professionnel, il est essentiel de proc\u00e9der \u00e0 un d\u00e9samiantage s\u00e9curis\u00e9 et conforme \u00e0 la r\u00e9glementation.<\/p><p>Notre entreprise, sp\u00e9cialis\u00e9e dans le d\u00e9samiantage, intervient dans tout le <strong>P\u00e9rigord<\/strong>, notamment \u00e0 <strong>P\u00e9rigueux<\/strong>, <strong>Bergerac<\/strong>, <strong>Sarlat-la-Can\u00e9da<\/strong>, et les environs. Faites confiance \u00e0 notre \u00e9quipe certifi\u00e9e pour une intervention rapide, efficace, et respectueuse des normes en vigueur.<\/p><p><strong>Pourquoi proc\u00e9der au d\u00e9samiantage<\/strong><strong>\u202f?<\/strong><\/p><ul><li><strong>Prot\u00e9ger la sant\u00e9<\/strong> : L\u2019exposition aux fibres d\u2019amiante est dangereuse et peut provoquer des maladies graves.<\/li><li><strong>R\u00e9pondre aux obligations l\u00e9gales<\/strong> : La pr\u00e9sence d\u2019amiante doit \u00eatre signal\u00e9e et trait\u00e9e avant toute vente, r\u00e9novation, ou d\u00e9molition.<\/li><li><strong>Valoriser votre bien immobilier<\/strong> : Une propri\u00e9t\u00e9 sans amiante est plus s\u00fbre et plus attractive.<\/li><\/ul><p><strong>Notre d\u00e9marche pour un d\u00e9samiantage s\u00e9curis\u00e9<\/strong><\/p><ol><li><strong>Diagnostic amiante<\/strong><br \/>Identification des mat\u00e9riaux amiant\u00e9s gr\u00e2ce \u00e0 des tests certifi\u00e9s avant intervention.<\/li><li><strong>Plan de retrait personnalis\u00e9<\/strong><br \/>\u00c9laboration d\u2019une m\u00e9thode d\u2019intervention adapt\u00e9e aux sp\u00e9cificit\u00e9s de votre b\u00e2timent.<\/li><li><strong>Retrait et confinement<\/strong><br \/>Extraction des mat\u00e9riaux amiant\u00e9s en toute s\u00e9curit\u00e9, avec un confinement strict pour \u00e9viter toute dispersion.<\/li><li><strong>\u00c9vacuation et traitement des d\u00e9chets<\/strong><br \/>Transport des mat\u00e9riaux amiant\u00e9s vers des centres agr\u00e9\u00e9s pour leur destruction.<\/li><li><strong>Contr\u00f4le final<\/strong><br \/>V\u00e9rification de l\u2019absence de r\u00e9sidus pour garantir la s\u00e9curit\u00e9 des occupants.<\/li><\/ol><p><strong>Pourquoi choisir notre entreprise de d\u00e9samiantage<\/strong><strong>\u202f?<\/strong><\/p><ul><li><strong>Certification et conformit\u00e9<\/strong> : Agr\u00e9ment pour le retrait d\u2019amiante et respect des normes strictes en vigueur (NF X46-010).<\/li><li><strong>Expertise locale<\/strong> : Interventions dans tout le P\u00e9rigord, avec une parfaite connaissance des sp\u00e9cificit\u00e9s r\u00e9gionales.<\/li><li><strong>Mat\u00e9riel de pointe<\/strong> : Utilisation d\u2019\u00e9quipements modernes pour un d\u00e9samiantage rapide et s\u00e9curis\u00e9.<\/li><li><strong>Garantie de transparence<\/strong> : Rapports d\u00e9taill\u00e9s fournis \u00e0 chaque \u00e9tape de l\u2019intervention.<\/li><\/ul>\t\t\t\t\t\t<\/div>\n\t\t\t\t<\/div>\n\t\t\t\t\t<\/div>\n\t\t<\/div>\n\t\t\t\t\t<\/div>\n\t\t<\/section>\n\t\t\t\t<section class=\"elementor-section elementor-top-section elementor-element elementor-element-5b1d3c8 elementor-section-height-min-height elementor-section-items-stretch elementor-section-content-middle elementor-section-boxed elementor-section-height-default\" data-id=\"5b1d3c8\" data-element_type=\"section\">\n\t\t\t\t\t\t<div class=\"elementor-container elementor-column-gap-wider\">\n\t\t\t\t\t<div class=\"elementor-column elementor-col-50 elementor-top-column elementor-element elementor-element-94483e2\" data-id=\"94483e2\" data-element_type=\"column\">\n\t\t\t<div class=\"elementor-widget-wrap elementor-element-populated\">\n\t\t\t\t\t\t<div class=\"elementor-element elementor-element-7d34f56 elementor-widget__width-initial elementor-widget-mobile__width-auto elementor-widget elementor-widget-image\" data-id=\"7d34f56\" data-element_type=\"widget\" data-widget_type=\"image.default\">\n\t\t\t\t<div class=\"elementor-widget-container\">\n\t\t\t\t\t\t\t\t\t\t\t\t\t<img decoding=\"async\" src=\"https:\/\/leperigordetsestoitures.fr\/wp-content\/uploads\/elementor\/thumbs\/WhatsApp-Image-2024-12-03-at-15.40.34-1-qxyws0f37vaqwz9pwo43lshkw0k9lhc8jxe3ppke1c.jpeg\" title=\"WhatsApp Image 2024-12-03 at 15.40.34\" alt=\"WhatsApp Image 2024-12-03 at 15.40.34\" loading=\"lazy\" \/>\t\t\t\t\t\t\t\t\t\t\t\t\t<\/div>\n\t\t\t\t<\/div>\n\t\t\t\t<div class=\"elementor-element elementor-element-defa5a6 elementor-widget__width-initial elementor-widget-mobile__width-auto elementor-absolute e-transform e-transform elementor-widget elementor-widget-image\" data-id=\"defa5a6\" data-element_type=\"widget\" data-settings=\"{&quot;_position&quot;:&quot;absolute&quot;,&quot;_transform_translateX_effect&quot;:{&quot;unit&quot;:&quot;%&quot;,&quot;size&quot;:18,&quot;sizes&quot;:[]},&quot;_transform_translateX_effect_tablet&quot;:{&quot;unit&quot;:&quot;%&quot;,&quot;size&quot;:&quot;&quot;,&quot;sizes&quot;:[]},&quot;_transform_translateX_effect_mobile&quot;:{&quot;unit&quot;:&quot;%&quot;,&quot;size&quot;:&quot;&quot;,&quot;sizes&quot;:[]},&quot;_transform_translateY_effect&quot;:{&quot;unit&quot;:&quot;%&quot;,&quot;size&quot;:-18,&quot;sizes&quot;:[]},&quot;_transform_translateY_effect_tablet&quot;:{&quot;unit&quot;:&quot;%&quot;,&quot;size&quot;:&quot;&quot;,&quot;sizes&quot;:[]},&quot;_transform_translateY_effect_mobile&quot;:{&quot;unit&quot;:&quot;%&quot;,&quot;size&quot;:&quot;&quot;,&quot;sizes&quot;:[]},&quot;_transform_scale_effect&quot;:{&quot;unit&quot;:&quot;px&quot;,&quot;size&quot;:0.6,&quot;sizes&quot;:[]},&quot;_transform_scale_effect_tablet&quot;:{&quot;unit&quot;:&quot;px&quot;,&quot;size&quot;:&quot;&quot;,&quot;sizes&quot;:[]},&quot;_transform_scale_effect_mobile&quot;:{&quot;unit&quot;:&quot;px&quot;,&quot;size&quot;:&quot;&quot;,&quot;sizes&quot;:[]}}\" data-widget_type=\"image.default\">\n\t\t\t\t<div class=\"elementor-widget-container\">\n\t\t\t\t\t\t\t\t\t\t\t\t\t<img decoding=\"async\" src=\"https:\/\/leperigordetsestoitures.fr\/wp-content\/uploads\/2022\/10\/sqr031-col1.svg\" title=\"sqr031-col1\" alt=\"sqr031-col1\" loading=\"lazy\" \/>\t\t\t\t\t\t\t\t\t\t\t\t\t<\/div>\n\t\t\t\t<\/div>\n\t\t\t\t<div class=\"elementor-element elementor-element-ebe6b69 elementor-widget__width-initial elementor-widget-mobile__width-auto elementor-absolute e-transform e-transform elementor-widget elementor-widget-image\" data-id=\"ebe6b69\" data-element_type=\"widget\" data-settings=\"{&quot;_position&quot;:&quot;absolute&quot;,&quot;_transform_translateX_effect&quot;:{&quot;unit&quot;:&quot;%&quot;,&quot;size&quot;:-32,&quot;sizes&quot;:[]},&quot;_transform_translateX_effect_tablet&quot;:{&quot;unit&quot;:&quot;%&quot;,&quot;size&quot;:&quot;&quot;,&quot;sizes&quot;:[]},&quot;_transform_translateX_effect_mobile&quot;:{&quot;unit&quot;:&quot;%&quot;,&quot;size&quot;:&quot;&quot;,&quot;sizes&quot;:[]},&quot;_transform_translateY_effect&quot;:{&quot;unit&quot;:&quot;%&quot;,&quot;size&quot;:28,&quot;sizes&quot;:[]},&quot;_transform_translateY_effect_tablet&quot;:{&quot;unit&quot;:&quot;%&quot;,&quot;size&quot;:&quot;&quot;,&quot;sizes&quot;:[]},&quot;_transform_translateY_effect_mobile&quot;:{&quot;unit&quot;:&quot;%&quot;,&quot;size&quot;:&quot;&quot;,&quot;sizes&quot;:[]},&quot;_transform_scale_effect&quot;:{&quot;unit&quot;:&quot;px&quot;,&quot;size&quot;:0.28,&quot;sizes&quot;:[]},&quot;_transform_scale_effect_tablet&quot;:{&quot;unit&quot;:&quot;px&quot;,&quot;size&quot;:&quot;&quot;,&quot;sizes&quot;:[]},&quot;_transform_scale_effect_mobile&quot;:{&quot;unit&quot;:&quot;px&quot;,&quot;size&quot;:&quot;&quot;,&quot;sizes&quot;:[]}}\" data-widget_type=\"image.default\">\n\t\t\t\t<div class=\"elementor-widget-container\">\n\t\t\t\t\t\t\t\t\t\t\t\t\t<img decoding=\"async\" src=\"https:\/\/leperigordetsestoitures.fr\/wp-content\/uploads\/2022\/10\/sqr031-col2.svg\" title=\"sqr031-col2\" alt=\"sqr031-col2\" loading=\"lazy\" \/>\t\t\t\t\t\t\t\t\t\t\t\t\t<\/div>\n\t\t\t\t<\/div>\n\t\t\t\t\t<\/div>\n\t\t<\/div>\n\t\t\t\t<div class=\"elementor-column elementor-col-50 elementor-top-column elementor-element elementor-element-e5d69fa\" data-id=\"e5d69fa\" data-element_type=\"column\">\n\t\t\t<div class=\"elementor-widget-wrap elementor-element-populated\">\n\t\t\t\t\t\t<div class=\"elementor-element elementor-element-382dd86 elementor-widget elementor-widget-heading\" data-id=\"382dd86\" data-element_type=\"widget\" data-widget_type=\"heading.default\">\n\t\t\t\t<div class=\"elementor-widget-container\">\n\t\t\t<h3 class=\"elementor-heading-title elementor-size-default\">Contactez-nous pour un devis de d\u00e9samiantage<\/h3>\t\t<\/div>\n\t\t\t\t<\/div>\n\t\t\t\t<div class=\"elementor-element elementor-element-c951022 elementor-widget elementor-widget-spacer\" data-id=\"c951022\" data-element_type=\"widget\" data-widget_type=\"spacer.default\">\n\t\t\t\t<div class=\"elementor-widget-container\">\n\t\t\t\t\t<div class=\"elementor-spacer\">\n\t\t\t<div class=\"elementor-spacer-inner\"><\/div>\n\t\t<\/div>\n\t\t\t\t<\/div>\n\t\t\t\t<\/div>\n\t\t\t\t<div class=\"elementor-element elementor-element-6dfc4e7 elementor-widget elementor-widget-text-editor\" data-id=\"6dfc4e7\" data-element_type=\"widget\" data-widget_type=\"text-editor.default\">\n\t\t\t\t<div class=\"elementor-widget-container\">\n\t\t\t\t\t\t\t<p>Ne prenez aucun risque avec l\u2019amiante. Faites appel \u00e0 des professionnels qualifi\u00e9s pour garantir la s\u00e9curit\u00e9 de votre b\u00e2timent. Nous vous accompagnons \u00e0 chaque \u00e9tape pour un d\u00e9samiantage en toute s\u00e9r\u00e9nit\u00e9 dans le <strong>P\u00e9rigord<\/strong>.<\/p>\t\t\t\t\t\t<\/div>\n\t\t\t\t<\/div>\n\t\t\t\t<div class=\"elementor-element elementor-element-2ff3adb elementor-widget elementor-widget-spacer\" data-id=\"2ff3adb\" data-element_type=\"widget\" data-widget_type=\"spacer.default\">\n\t\t\t\t<div class=\"elementor-widget-container\">\n\t\t\t\t\t<div class=\"elementor-spacer\">\n\t\t\t<div class=\"elementor-spacer-inner\"><\/div>\n\t\t<\/div>\n\t\t\t\t<\/div>\n\t\t\t\t<\/div>\n\t\t\t\t<div class=\"elementor-element elementor-element-b08ffea elementor-button-align-stretch elementor-widget elementor-widget-form\" data-id=\"b08ffea\" data-element_type=\"widget\" data-settings=\"{&quot;step_next_label&quot;:&quot;Next&quot;,&quot;step_previous_label&quot;:&quot;Previous&quot;,&quot;step_type&quot;:&quot;number_text&quot;,&quot;step_icon_shape&quot;:&quot;circle&quot;}\" data-widget_type=\"form.default\">\n\t\t\t\t<div class=\"elementor-widget-container\">\n\t\t\t\t\t<form class=\"elementor-form\" method=\"post\" name=\"Demande de rappel\">\n\t\t\t<input type=\"hidden\" name=\"post_id\" value=\"11332\"\/>\n\t\t\t<input type=\"hidden\" name=\"form_id\" value=\"b08ffea\"\/>\n\t\t\t<input type=\"hidden\" name=\"referer_title\" value=\"Desamiantage\" \/>\n\n\t\t\t\t\t\t\t<input type=\"hidden\" name=\"queried_id\" value=\"11332\"\/>\n\t\t\t\n\t\t\t<div class=\"elementor-form-fields-wrapper elementor-labels-above\">\n\t\t\t\t\t\t\t\t<div class=\"elementor-field-type-text elementor-field-group elementor-column elementor-field-group-name elementor-col-100 elementor-field-required elementor-mark-required\">\n\t\t\t\t\t\t\t\t\t\t\t\t<label for=\"form-field-name\" class=\"elementor-field-label\">\n\t\t\t\t\t\t\t\tNom\t\t\t\t\t\t\t<\/label>\n\t\t\t\t\t\t\t\t\t\t\t\t\t\t<input size=\"1\" type=\"text\" name=\"form_fields[name]\" id=\"form-field-name\" class=\"elementor-field elementor-size-md  elementor-field-textual\" required=\"required\" aria-required=\"true\">\n\t\t\t\t\t\t\t\t\t\t\t<\/div>\n\t\t\t\t\t\t\t\t<div class=\"elementor-field-type-tel elementor-field-group elementor-column elementor-field-group-field_90029d6 elementor-col-50 elementor-field-required elementor-mark-required\">\n\t\t\t\t\t\t\t\t\t\t\t\t<label for=\"form-field-field_90029d6\" class=\"elementor-field-label\">\n\t\t\t\t\t\t\t\tT\u00e9l\u00e9phone\t\t\t\t\t\t\t<\/label>\n\t\t\t\t\t\t\t\t<input size=\"1\" type=\"tel\" name=\"form_fields[field_90029d6]\" id=\"form-field-field_90029d6\" class=\"elementor-field elementor-size-md  elementor-field-textual\" required=\"required\" aria-required=\"true\" pattern=\"[0-9()#&amp;+*-=.]+\" title=\"Only numbers and phone characters (#, -, *, etc) are accepted.\">\n\n\t\t\t\t\t\t<\/div>\n\t\t\t\t\t\t\t\t<div class=\"elementor-field-type-email elementor-field-group elementor-column elementor-field-group-field_8e5412f elementor-col-50 elementor-field-required elementor-mark-required\">\n\t\t\t\t\t\t\t\t\t\t\t\t<label for=\"form-field-field_8e5412f\" class=\"elementor-field-label\">\n\t\t\t\t\t\t\t\tEmail\t\t\t\t\t\t\t<\/label>\n\t\t\t\t\t\t\t\t\t\t\t\t\t\t<input size=\"1\" type=\"email\" name=\"form_fields[field_8e5412f]\" id=\"form-field-field_8e5412f\" class=\"elementor-field elementor-size-md  elementor-field-textual\" required=\"required\" aria-required=\"true\">\n\t\t\t\t\t\t\t\t\t\t\t<\/div>\n\t\t\t\t\t\t\t\t<div class=\"elementor-field-group elementor-column elementor-field-type-submit elementor-col-100 e-form__buttons\">\n\t\t\t\t\t<button class=\"elementor-button elementor-size-lg\" type=\"submit\">\n\t\t\t\t\t\t<span class=\"elementor-button-content-wrapper\">\n\t\t\t\t\t\t\t\t\t\t\t\t\t\t\t<span class=\"elementor-button-icon\">\n\t\t\t\t\t\t\t\t\t<i aria-hidden=\"true\" class=\"feather feather-phone-incoming\"><\/i>\t\t\t\t\t\t\t\t\t\t\t\t\t\t\t\t\t<\/span>\n\t\t\t\t\t\t\t\t\t\t\t\t\t\t\t\t\t\t\t\t\t\t<span class=\"elementor-button-text\">Demander \u00e0 \u00eatre rappel\u00e9<\/span>\n\t\t\t\t\t\t\t\t\t\t\t\t\t<\/span>\n\t\t\t\t\t<\/button>\n\t\t\t\t<\/div>\n\t\t\t<\/div>\n\t\t<\/form>\n\t\t\t\t<\/div>\n\t\t\t\t<\/div>\n\t\t\t\t\t<\/div>\n\t\t<\/div>\n\t\t\t\t\t<\/div>\n\t\t<\/section>\n\t\t\t\t<\/div>\n\t\t","protected":false},"excerpt":{"rendered":"<p>D\u00e9samiantage professionnel dans le P\u00e9rigord Vous \u00eates propri\u00e9taire d\u2019un b\u00e2timent contenant de l\u2019amiante\u202f? Que ce soit pour une maison, un immeuble, ou un local professionnel, il est essentiel de proc\u00e9der \u00e0 un d\u00e9samiantage s\u00e9curis\u00e9 et conforme \u00e0 la r\u00e9glementation. Notre entreprise, sp\u00e9cialis\u00e9e dans le d\u00e9samiantage, intervient dans tout le P\u00e9rigord, notamment \u00e0 P\u00e9rigueux, Bergerac, Sarlat-la-Can\u00e9da,&hellip;<\/p>\n","protected":false},"author":1,"featured_media":0,"parent":0,"menu_order":6,"comment_status":"closed","ping_status":"closed","template":"","meta":{"footnotes":""},"class_list":["post-11332","page","type-page","status-publish","hentry"],"_links":{"self":[{"href":"https:\/\/leperigordetsestoitures.fr\/index.php\/wp-json\/wp\/v2\/pages\/11332","targetHints":{"allow":["GET"]}}],"collection":[{"href":"https:\/\/leperigordetsestoitures.fr\/index.php\/wp-json\/wp\/v2\/pages"}],"about":[{"href":"https:\/\/leperigordetsestoitures.fr\/index.php\/wp-json\/wp\/v2\/types\/page"}],"author":[{"embeddable":true,"href":"https:\/\/leperigordetsestoitures.fr\/index.php\/wp-json\/wp\/v2\/users\/1"}],"replies":[{"embeddable":true,"href":"https:\/\/leperigordetsestoitures.fr\/index.php\/wp-json\/wp\/v2\/comments?post=11332"}],"version-history":[{"count":12,"href":"https:\/\/leperigordetsestoitures.fr\/index.php\/wp-json\/wp\/v2\/pages\/11332\/revisions"}],"predecessor-version":[{"id":11473,"href":"https:\/\/leperigordetsestoitures.fr\/index.php\/wp-json\/wp\/v2\/pages\/11332\/revisions\/11473"}],"wp:attachment":[{"href":"https:\/\/leperigordetsestoitures.fr\/index.php\/wp-json\/wp\/v2\/media?parent=11332"}],"curies":[{"name":"wp","href":"https:\/\/api.w.org\/{rel}","templated":true}]}}