{"id":11290,"date":"2024-12-02T14:25:20","date_gmt":"2024-12-02T14:25:20","guid":{"rendered":"https:\/\/toiture.kraken-design.eu\/?page_id=11290"},"modified":"2024-12-03T15:18:20","modified_gmt":"2024-12-03T15:18:20","slug":"travaux-de-couverture-par-element","status":"publish","type":"page","link":"https:\/\/leperigordetsestoitures.fr\/index.php\/travaux-de-couverture-par-element\/","title":{"rendered":"Travaux de couverture par \u00e9l\u00e9ment"},"content":{"rendered":"\t\t<div data-elementor-type=\"wp-page\" data-elementor-id=\"11290\" class=\"elementor elementor-11290\" data-elementor-post-type=\"page\">\n\t\t\t\t\t\t<section class=\"elementor-section elementor-top-section elementor-element elementor-element-63643e9 elementor-section-boxed elementor-section-height-default elementor-section-height-default\" data-id=\"63643e9\" data-element_type=\"section\">\n\t\t\t\t\t\t<div class=\"elementor-container elementor-column-gap-wider\">\n\t\t\t\t\t<div class=\"elementor-column elementor-col-100 elementor-top-column elementor-element elementor-element-e394ae9\" data-id=\"e394ae9\" data-element_type=\"column\">\n\t\t\t<div class=\"elementor-widget-wrap elementor-element-populated\">\n\t\t\t\t\t\t<div class=\"elementor-element elementor-element-38b5407 elementor-widget elementor-widget-heading\" data-id=\"38b5407\" data-element_type=\"widget\" data-widget_type=\"heading.default\">\n\t\t\t\t<div class=\"elementor-widget-container\">\n\t\t\t<h2 class=\"elementor-heading-title elementor-size-default\">Travaux de couverture par \u00e9l\u00e9ment<\/h2>\t\t<\/div>\n\t\t\t\t<\/div>\n\t\t\t\t<div class=\"elementor-element elementor-element-5ecdec6 elementor-widget elementor-widget-spacer\" data-id=\"5ecdec6\" data-element_type=\"widget\" data-widget_type=\"spacer.default\">\n\t\t\t\t<div class=\"elementor-widget-container\">\n\t\t\t\t\t<div class=\"elementor-spacer\">\n\t\t\t<div class=\"elementor-spacer-inner\"><\/div>\n\t\t<\/div>\n\t\t\t\t<\/div>\n\t\t\t\t<\/div>\n\t\t\t\t<div class=\"elementor-element elementor-element-1c055b5 elementor-widget elementor-widget-text-editor\" data-id=\"1c055b5\" data-element_type=\"widget\" data-widget_type=\"text-editor.default\">\n\t\t\t\t<div class=\"elementor-widget-container\">\n\t\t\t\t\t\t\t<ol><li><strong>Remplacement de tuiles ou d\u2019ardoises<\/strong><br \/>Pose de tuiles plates, canal, ou ardoises naturelles pour restaurer l\u2019aspect et la protection de votre toit.<\/li><li><strong>R\u00e9fection des fa\u00eetages et des rives<\/strong><br \/>Consolidation ou remplacement des \u00e9l\u00e9ments pour assurer l\u2019\u00e9tanch\u00e9it\u00e9 et la finition de votre toiture.<\/li><li><strong>Travaux de zinguerie<\/strong><br \/>R\u00e9paration ou pose de goutti\u00e8res, ch\u00e9neaux, et descentes pluviales pour une gestion optimale des eaux de pluie.<\/li><li><strong>Installation de fen\u00eatres de toit<\/strong><br \/>Pose ou remplacement de fen\u00eatres type Velux pour am\u00e9liorer la luminosit\u00e9 et la ventilation des combles.<\/li><li><strong>Entretien et traitement des \u00e9l\u00e9ments<\/strong><br \/>Nettoyage, d\u00e9moussage, et traitement hydrofuge pour prolonger la dur\u00e9e de vie de votre couverture.<\/li><\/ol><p><strong>Pourquoi nous choisir pour vos travaux de couverture<\/strong><strong>\u202f?<\/strong><\/p><ul><li><strong>Interventions cibl\u00e9es et \u00e9conomiques<\/strong> : R\u00e9alisez uniquement les travaux n\u00e9cessaires pour optimiser votre budget.<\/li><li><strong>Savoir-faire artisanal<\/strong> : Plus de 10 ans d\u2019exp\u00e9rience dans la r\u00e9novation et l\u2019entretien des toitures.<\/li><li><strong>Mat\u00e9riaux de qualit\u00e9<\/strong> : Utilisation de produits durables et adapt\u00e9s \u00e0 l\u2019architecture locale.<\/li><li><strong>Service r\u00e9actif<\/strong> : Diagnostics rapides et interventions dans les meilleurs d\u00e9lais.<\/li><\/ul>\t\t\t\t\t\t<\/div>\n\t\t\t\t<\/div>\n\t\t\t\t\t<\/div>\n\t\t<\/div>\n\t\t\t\t\t<\/div>\n\t\t<\/section>\n\t\t\t\t<section class=\"elementor-section elementor-top-section elementor-element elementor-element-13a6913 elementor-section-height-min-height elementor-section-items-stretch elementor-section-content-middle elementor-section-boxed elementor-section-height-default\" data-id=\"13a6913\" data-element_type=\"section\">\n\t\t\t\t\t\t<div class=\"elementor-container elementor-column-gap-wider\">\n\t\t\t\t\t<div class=\"elementor-column elementor-col-50 elementor-top-column elementor-element elementor-element-749843f\" data-id=\"749843f\" data-element_type=\"column\">\n\t\t\t<div class=\"elementor-widget-wrap elementor-element-populated\">\n\t\t\t\t\t\t<div class=\"elementor-element elementor-element-84a2f7c elementor-widget__width-initial elementor-widget-mobile__width-auto elementor-widget elementor-widget-image\" data-id=\"84a2f7c\" data-element_type=\"widget\" data-widget_type=\"image.default\">\n\t\t\t\t<div class=\"elementor-widget-container\">\n\t\t\t\t\t\t\t\t\t\t\t\t\t<img decoding=\"async\" src=\"https:\/\/leperigordetsestoitures.fr\/wp-content\/uploads\/elementor\/thumbs\/WhatsApp-Image-2024-12-03-at-15.46.00-qxywy4dbn3nudqe88b6st8zfw6g5mnlfe61q0gi9lc.jpeg\" title=\"WhatsApp Image 2024-12-03 at 15.46.00\" alt=\"WhatsApp Image 2024-12-03 at 15.46.00\" loading=\"lazy\" \/>\t\t\t\t\t\t\t\t\t\t\t\t\t<\/div>\n\t\t\t\t<\/div>\n\t\t\t\t<div class=\"elementor-element elementor-element-e4d3d02 elementor-widget__width-initial elementor-widget-mobile__width-auto elementor-absolute e-transform e-transform elementor-widget elementor-widget-image\" data-id=\"e4d3d02\" data-element_type=\"widget\" data-settings=\"{&quot;_position&quot;:&quot;absolute&quot;,&quot;_transform_translateX_effect&quot;:{&quot;unit&quot;:&quot;%&quot;,&quot;size&quot;:18,&quot;sizes&quot;:[]},&quot;_transform_translateX_effect_tablet&quot;:{&quot;unit&quot;:&quot;%&quot;,&quot;size&quot;:&quot;&quot;,&quot;sizes&quot;:[]},&quot;_transform_translateX_effect_mobile&quot;:{&quot;unit&quot;:&quot;%&quot;,&quot;size&quot;:&quot;&quot;,&quot;sizes&quot;:[]},&quot;_transform_translateY_effect&quot;:{&quot;unit&quot;:&quot;%&quot;,&quot;size&quot;:-18,&quot;sizes&quot;:[]},&quot;_transform_translateY_effect_tablet&quot;:{&quot;unit&quot;:&quot;%&quot;,&quot;size&quot;:&quot;&quot;,&quot;sizes&quot;:[]},&quot;_transform_translateY_effect_mobile&quot;:{&quot;unit&quot;:&quot;%&quot;,&quot;size&quot;:&quot;&quot;,&quot;sizes&quot;:[]},&quot;_transform_scale_effect&quot;:{&quot;unit&quot;:&quot;px&quot;,&quot;size&quot;:0.6,&quot;sizes&quot;:[]},&quot;_transform_scale_effect_tablet&quot;:{&quot;unit&quot;:&quot;px&quot;,&quot;size&quot;:&quot;&quot;,&quot;sizes&quot;:[]},&quot;_transform_scale_effect_mobile&quot;:{&quot;unit&quot;:&quot;px&quot;,&quot;size&quot;:&quot;&quot;,&quot;sizes&quot;:[]}}\" data-widget_type=\"image.default\">\n\t\t\t\t<div class=\"elementor-widget-container\">\n\t\t\t\t\t\t\t\t\t\t\t\t\t<img decoding=\"async\" src=\"https:\/\/leperigordetsestoitures.fr\/wp-content\/uploads\/2022\/10\/sqr031-col1.svg\" title=\"sqr031-col1\" alt=\"sqr031-col1\" loading=\"lazy\" \/>\t\t\t\t\t\t\t\t\t\t\t\t\t<\/div>\n\t\t\t\t<\/div>\n\t\t\t\t<div class=\"elementor-element elementor-element-2fbf5c9 elementor-widget__width-initial elementor-widget-mobile__width-auto elementor-absolute e-transform e-transform elementor-widget elementor-widget-image\" data-id=\"2fbf5c9\" data-element_type=\"widget\" data-settings=\"{&quot;_position&quot;:&quot;absolute&quot;,&quot;_transform_translateX_effect&quot;:{&quot;unit&quot;:&quot;%&quot;,&quot;size&quot;:-32,&quot;sizes&quot;:[]},&quot;_transform_translateX_effect_tablet&quot;:{&quot;unit&quot;:&quot;%&quot;,&quot;size&quot;:&quot;&quot;,&quot;sizes&quot;:[]},&quot;_transform_translateX_effect_mobile&quot;:{&quot;unit&quot;:&quot;%&quot;,&quot;size&quot;:&quot;&quot;,&quot;sizes&quot;:[]},&quot;_transform_translateY_effect&quot;:{&quot;unit&quot;:&quot;%&quot;,&quot;size&quot;:28,&quot;sizes&quot;:[]},&quot;_transform_translateY_effect_tablet&quot;:{&quot;unit&quot;:&quot;%&quot;,&quot;size&quot;:&quot;&quot;,&quot;sizes&quot;:[]},&quot;_transform_translateY_effect_mobile&quot;:{&quot;unit&quot;:&quot;%&quot;,&quot;size&quot;:&quot;&quot;,&quot;sizes&quot;:[]},&quot;_transform_scale_effect&quot;:{&quot;unit&quot;:&quot;px&quot;,&quot;size&quot;:0.28,&quot;sizes&quot;:[]},&quot;_transform_scale_effect_tablet&quot;:{&quot;unit&quot;:&quot;px&quot;,&quot;size&quot;:&quot;&quot;,&quot;sizes&quot;:[]},&quot;_transform_scale_effect_mobile&quot;:{&quot;unit&quot;:&quot;px&quot;,&quot;size&quot;:&quot;&quot;,&quot;sizes&quot;:[]}}\" data-widget_type=\"image.default\">\n\t\t\t\t<div class=\"elementor-widget-container\">\n\t\t\t\t\t\t\t\t\t\t\t\t\t<img decoding=\"async\" src=\"https:\/\/leperigordetsestoitures.fr\/wp-content\/uploads\/2022\/10\/sqr031-col2.svg\" title=\"sqr031-col2\" alt=\"sqr031-col2\" loading=\"lazy\" \/>\t\t\t\t\t\t\t\t\t\t\t\t\t<\/div>\n\t\t\t\t<\/div>\n\t\t\t\t\t<\/div>\n\t\t<\/div>\n\t\t\t\t<div class=\"elementor-column elementor-col-50 elementor-top-column elementor-element elementor-element-5069573\" data-id=\"5069573\" data-element_type=\"column\">\n\t\t\t<div class=\"elementor-widget-wrap elementor-element-populated\">\n\t\t\t\t\t\t<div class=\"elementor-element elementor-element-d17087b elementor-widget elementor-widget-heading\" data-id=\"d17087b\" data-element_type=\"widget\" data-widget_type=\"heading.default\">\n\t\t\t\t<div class=\"elementor-widget-container\">\n\t\t\t<h3 class=\"elementor-heading-title elementor-size-default\">Demandez votre devis pour vos travaux de couverture par \u00e9l\u00e9ment<\/h3>\t\t<\/div>\n\t\t\t\t<\/div>\n\t\t\t\t<div class=\"elementor-element elementor-element-52ca9f4 elementor-widget elementor-widget-spacer\" data-id=\"52ca9f4\" data-element_type=\"widget\" data-widget_type=\"spacer.default\">\n\t\t\t\t<div class=\"elementor-widget-container\">\n\t\t\t\t\t<div class=\"elementor-spacer\">\n\t\t\t<div class=\"elementor-spacer-inner\"><\/div>\n\t\t<\/div>\n\t\t\t\t<\/div>\n\t\t\t\t<\/div>\n\t\t\t\t<div class=\"elementor-element elementor-element-753fa39 elementor-widget elementor-widget-text-editor\" data-id=\"753fa39\" data-element_type=\"widget\" data-widget_type=\"text-editor.default\">\n\t\t\t\t<div class=\"elementor-widget-container\">\n\t\t\t\t\t\t\t<p>Besoin d\u2019une intervention sur un \u00e9l\u00e9ment pr\u00e9cis de votre toiture\u202f? Contactez-nous d\u00e8s aujourd\u2019hui pour un diagnostic et un devis personnalis\u00e9. Nous nous d\u00e9pla\u00e7ons dans tout le <strong>P\u00e9rigord<\/strong> pour r\u00e9pondre \u00e0 vos besoins<\/p>\t\t\t\t\t\t<\/div>\n\t\t\t\t<\/div>\n\t\t\t\t<div class=\"elementor-element elementor-element-17f1ef2 elementor-widget elementor-widget-spacer\" data-id=\"17f1ef2\" data-element_type=\"widget\" data-widget_type=\"spacer.default\">\n\t\t\t\t<div class=\"elementor-widget-container\">\n\t\t\t\t\t<div class=\"elementor-spacer\">\n\t\t\t<div class=\"elementor-spacer-inner\"><\/div>\n\t\t<\/div>\n\t\t\t\t<\/div>\n\t\t\t\t<\/div>\n\t\t\t\t<div class=\"elementor-element elementor-element-f1be536 elementor-button-align-stretch elementor-widget elementor-widget-form\" data-id=\"f1be536\" data-element_type=\"widget\" data-settings=\"{&quot;step_next_label&quot;:&quot;Next&quot;,&quot;step_previous_label&quot;:&quot;Previous&quot;,&quot;step_type&quot;:&quot;number_text&quot;,&quot;step_icon_shape&quot;:&quot;circle&quot;}\" data-widget_type=\"form.default\">\n\t\t\t\t<div class=\"elementor-widget-container\">\n\t\t\t\t\t<form class=\"elementor-form\" method=\"post\" name=\"Demande de rappel\">\n\t\t\t<input type=\"hidden\" name=\"post_id\" value=\"11290\"\/>\n\t\t\t<input type=\"hidden\" name=\"form_id\" value=\"f1be536\"\/>\n\t\t\t<input type=\"hidden\" name=\"referer_title\" value=\"Travaux de couverture par \u00e9l\u00e9ment\" \/>\n\n\t\t\t\t\t\t\t<input type=\"hidden\" name=\"queried_id\" value=\"11290\"\/>\n\t\t\t\n\t\t\t<div class=\"elementor-form-fields-wrapper elementor-labels-above\">\n\t\t\t\t\t\t\t\t<div class=\"elementor-field-type-text elementor-field-group elementor-column elementor-field-group-name elementor-col-100 elementor-field-required elementor-mark-required\">\n\t\t\t\t\t\t\t\t\t\t\t\t<label for=\"form-field-name\" class=\"elementor-field-label\">\n\t\t\t\t\t\t\t\tNom\t\t\t\t\t\t\t<\/label>\n\t\t\t\t\t\t\t\t\t\t\t\t\t\t<input size=\"1\" type=\"text\" name=\"form_fields[name]\" id=\"form-field-name\" class=\"elementor-field elementor-size-md  elementor-field-textual\" required=\"required\" aria-required=\"true\">\n\t\t\t\t\t\t\t\t\t\t\t<\/div>\n\t\t\t\t\t\t\t\t<div class=\"elementor-field-type-tel elementor-field-group elementor-column elementor-field-group-field_90029d6 elementor-col-50 elementor-field-required elementor-mark-required\">\n\t\t\t\t\t\t\t\t\t\t\t\t<label for=\"form-field-field_90029d6\" class=\"elementor-field-label\">\n\t\t\t\t\t\t\t\tT\u00e9l\u00e9phone\t\t\t\t\t\t\t<\/label>\n\t\t\t\t\t\t\t\t<input size=\"1\" type=\"tel\" name=\"form_fields[field_90029d6]\" id=\"form-field-field_90029d6\" class=\"elementor-field elementor-size-md  elementor-field-textual\" required=\"required\" aria-required=\"true\" pattern=\"[0-9()#&amp;+*-=.]+\" title=\"Only numbers and phone characters (#, -, *, etc) are accepted.\">\n\n\t\t\t\t\t\t<\/div>\n\t\t\t\t\t\t\t\t<div class=\"elementor-field-type-email elementor-field-group elementor-column elementor-field-group-field_8e5412f elementor-col-50 elementor-field-required elementor-mark-required\">\n\t\t\t\t\t\t\t\t\t\t\t\t<label for=\"form-field-field_8e5412f\" class=\"elementor-field-label\">\n\t\t\t\t\t\t\t\tEmail\t\t\t\t\t\t\t<\/label>\n\t\t\t\t\t\t\t\t\t\t\t\t\t\t<input size=\"1\" type=\"email\" name=\"form_fields[field_8e5412f]\" id=\"form-field-field_8e5412f\" class=\"elementor-field elementor-size-md  elementor-field-textual\" required=\"required\" aria-required=\"true\">\n\t\t\t\t\t\t\t\t\t\t\t<\/div>\n\t\t\t\t\t\t\t\t<div class=\"elementor-field-group elementor-column elementor-field-type-submit elementor-col-100 e-form__buttons\">\n\t\t\t\t\t<button class=\"elementor-button elementor-size-lg\" type=\"submit\">\n\t\t\t\t\t\t<span class=\"elementor-button-content-wrapper\">\n\t\t\t\t\t\t\t\t\t\t\t\t\t\t\t<span class=\"elementor-button-icon\">\n\t\t\t\t\t\t\t\t\t<i aria-hidden=\"true\" class=\"feather feather-phone-incoming\"><\/i>\t\t\t\t\t\t\t\t\t\t\t\t\t\t\t\t\t<\/span>\n\t\t\t\t\t\t\t\t\t\t\t\t\t\t\t\t\t\t\t\t\t\t<span class=\"elementor-button-text\">Demander \u00e0 \u00eatre rappel\u00e9<\/span>\n\t\t\t\t\t\t\t\t\t\t\t\t\t<\/span>\n\t\t\t\t\t<\/button>\n\t\t\t\t<\/div>\n\t\t\t<\/div>\n\t\t<\/form>\n\t\t\t\t<\/div>\n\t\t\t\t<\/div>\n\t\t\t\t\t<\/div>\n\t\t<\/div>\n\t\t\t\t\t<\/div>\n\t\t<\/section>\n\t\t\t\t<\/div>\n\t\t","protected":false},"excerpt":{"rendered":"<p>Travaux de couverture par \u00e9l\u00e9ment Remplacement de tuiles ou d\u2019ardoisesPose de tuiles plates, canal, ou ardoises naturelles pour restaurer l\u2019aspect et la protection de votre toit. R\u00e9fection des fa\u00eetages et des rivesConsolidation ou remplacement des \u00e9l\u00e9ments pour assurer l\u2019\u00e9tanch\u00e9it\u00e9 et la finition de votre toiture. Travaux de zinguerieR\u00e9paration ou pose de goutti\u00e8res, ch\u00e9neaux, et descentes&hellip;<\/p>\n","protected":false},"author":1,"featured_media":0,"parent":0,"menu_order":6,"comment_status":"closed","ping_status":"closed","template":"","meta":{"footnotes":""},"class_list":["post-11290","page","type-page","status-publish","hentry"],"_links":{"self":[{"href":"https:\/\/leperigordetsestoitures.fr\/index.php\/wp-json\/wp\/v2\/pages\/11290","targetHints":{"allow":["GET"]}}],"collection":[{"href":"https:\/\/leperigordetsestoitures.fr\/index.php\/wp-json\/wp\/v2\/pages"}],"about":[{"href":"https:\/\/leperigordetsestoitures.fr\/index.php\/wp-json\/wp\/v2\/types\/page"}],"author":[{"embeddable":true,"href":"https:\/\/leperigordetsestoitures.fr\/index.php\/wp-json\/wp\/v2\/users\/1"}],"replies":[{"embeddable":true,"href":"https:\/\/leperigordetsestoitures.fr\/index.php\/wp-json\/wp\/v2\/comments?post=11290"}],"version-history":[{"count":24,"href":"https:\/\/leperigordetsestoitures.fr\/index.php\/wp-json\/wp\/v2\/pages\/11290\/revisions"}],"predecessor-version":[{"id":11482,"href":"https:\/\/leperigordetsestoitures.fr\/index.php\/wp-json\/wp\/v2\/pages\/11290\/revisions\/11482"}],"wp:attachment":[{"href":"https:\/\/leperigordetsestoitures.fr\/index.php\/wp-json\/wp\/v2\/media?parent=11290"}],"curies":[{"name":"wp","href":"https:\/\/api.w.org\/{rel}","templated":true}]}}