{"id":11286,"date":"2024-12-02T14:24:35","date_gmt":"2024-12-02T14:24:35","guid":{"rendered":"https:\/\/toiture.kraken-design.eu\/?page_id=11286"},"modified":"2024-12-03T15:18:47","modified_gmt":"2024-12-03T15:18:47","slug":"zingueur","status":"publish","type":"page","link":"https:\/\/leperigordetsestoitures.fr\/index.php\/zingueur\/","title":{"rendered":"Zingueur"},"content":{"rendered":"\t\t<div data-elementor-type=\"wp-page\" data-elementor-id=\"11286\" class=\"elementor elementor-11286\" data-elementor-post-type=\"page\">\n\t\t\t\t\t\t<section class=\"elementor-section elementor-top-section elementor-element elementor-element-63643e9 elementor-section-boxed elementor-section-height-default elementor-section-height-default\" data-id=\"63643e9\" data-element_type=\"section\">\n\t\t\t\t\t\t<div class=\"elementor-container elementor-column-gap-wider\">\n\t\t\t\t\t<div class=\"elementor-column elementor-col-100 elementor-top-column elementor-element elementor-element-e394ae9\" data-id=\"e394ae9\" data-element_type=\"column\">\n\t\t\t<div class=\"elementor-widget-wrap elementor-element-populated\">\n\t\t\t\t\t\t<div class=\"elementor-element elementor-element-38b5407 elementor-widget elementor-widget-heading\" data-id=\"38b5407\" data-element_type=\"widget\" data-widget_type=\"heading.default\">\n\t\t\t\t<div class=\"elementor-widget-container\">\n\t\t\t<h2 class=\"elementor-heading-title elementor-size-default\">Zingueur professionnel dans le P\u00e9rigord : Esth\u00e9tique et \u00e9tanch\u00e9it\u00e9 au sommet<\/h2>\t\t<\/div>\n\t\t\t\t<\/div>\n\t\t\t\t<div class=\"elementor-element elementor-element-5ecdec6 elementor-widget elementor-widget-spacer\" data-id=\"5ecdec6\" data-element_type=\"widget\" data-widget_type=\"spacer.default\">\n\t\t\t\t<div class=\"elementor-widget-container\">\n\t\t\t\t\t<div class=\"elementor-spacer\">\n\t\t\t<div class=\"elementor-spacer-inner\"><\/div>\n\t\t<\/div>\n\t\t\t\t<\/div>\n\t\t\t\t<\/div>\n\t\t\t\t<div class=\"elementor-element elementor-element-1c055b5 elementor-widget elementor-widget-text-editor\" data-id=\"1c055b5\" data-element_type=\"widget\" data-widget_type=\"text-editor.default\">\n\t\t\t\t<div class=\"elementor-widget-container\">\n\t\t\t\t\t\t\t<p>La zinguerie est un \u00e9l\u00e9ment cl\u00e9 de votre toiture, garantissant \u00e0 la fois l\u2019esth\u00e9tique et l\u2019\u00e9tanch\u00e9it\u00e9 de votre maison. Sp\u00e9cialistes en travaux de zinguerie, nous intervenons dans tout le <strong>P\u00e9rigord<\/strong>, notamment \u00e0 <strong>P\u00e9rigueux<\/strong>, <strong>Bergerac<\/strong>, <strong>Sarlat-la-Can\u00e9da<\/strong>, et les environs.<\/p><p>Que ce soit pour des goutti\u00e8res, des ch\u00e9neaux, des solins, ou des habillages de toiture, faites appel \u00e0 des zingueurs qualifi\u00e9s pour des travaux durables et impeccables.<\/p><p><strong>Nos prestations de zingueur<\/strong><\/p><ol><li><strong>Installation de goutti\u00e8res et ch\u00e9neaux<\/strong><br \/>Pose de syst\u00e8mes de collecte d\u2019eau de pluie en zinc, aluminium, ou cuivre pour une gestion optimale et une durabilit\u00e9 renforc\u00e9e.<\/li><li><strong>\u00c9tanch\u00e9it\u00e9 des solins et raccordements<\/strong><br \/>Mise en place de solins autour des chemin\u00e9es, lucarnes, et autres jonctions pour assurer une parfaite \u00e9tanch\u00e9it\u00e9.<\/li><li><strong>Habillage des toitures<\/strong><br \/>R\u00e9alisation de couvertines, noues, et bandes de rive en zinc pour prot\u00e9ger les parties expos\u00e9es de votre toiture.<\/li><li><strong>R\u00e9paration et entretien de zinguerie<\/strong><br \/>Remplacement des \u00e9l\u00e9ments us\u00e9s, colmatage des fuites, et nettoyage des ch\u00e9neaux pour pr\u00e9server votre toiture.<\/li><li><strong>Zinguerie sur mesure<\/strong><br \/>Fabrication d\u2019\u00e9l\u00e9ments personnalis\u00e9s pour s\u2019adapter aux sp\u00e9cificit\u00e9s de votre toiture, en respectant son style et son caract\u00e8re.<\/li><\/ol><p><strong>Les avantages de la zinguerie professionnelle<\/strong><\/p><ul><li><strong>Durabilit\u00e9<\/strong> : Les mat\u00e9riaux comme le zinc ou le cuivre r\u00e9sistent aux intemp\u00e9ries et au temps.<\/li><li><strong>Esth\u00e9tisme<\/strong> : Une zinguerie bien r\u00e9alis\u00e9e sublime votre toiture et s\u2019int\u00e8gre parfaitement \u00e0 l\u2019architecture locale.<\/li><li><strong>\u00c9tanch\u00e9it\u00e9 optimale<\/strong> : Une zinguerie de qualit\u00e9 prot\u00e8ge votre maison des infiltrations et des d\u00e9g\u00e2ts li\u00e9s \u00e0 l\u2019eau.<\/li><li><strong>Entretien facilit\u00e9<\/strong> : Une bonne zinguerie limite les besoins de maintenance \u00e0 long terme.<\/li><\/ul><p><strong>Pourquoi choisir notre entreprise de zinguerie dans le P\u00e9rigord<\/strong><strong>\u202f?<\/strong><\/p><ul><li><strong>Artisans zingueurs qualifi\u00e9s<\/strong> : Un savoir-faire reconnu et des techniques traditionnelles ma\u00eetris\u00e9es.<\/li><li><strong>Mat\u00e9riaux haut de gamme<\/strong> : Zinc naturel, cuivre, aluminium laqu\u00e9 \u2013 nous s\u00e9lectionnons les meilleurs produits pour garantir la durabilit\u00e9 et l\u2019esth\u00e9tique.<\/li><li><strong>Service sur mesure<\/strong> : Solutions adapt\u00e9es \u00e0 vos besoins sp\u00e9cifiques et \u00e0 l\u2019architecture de votre maison.<\/li><li><strong>Respect des d\u00e9lais<\/strong> : Des interventions rapides et soign\u00e9es, sans compromis sur la qualit\u00e9.<\/li><\/ul>\t\t\t\t\t\t<\/div>\n\t\t\t\t<\/div>\n\t\t\t\t\t<\/div>\n\t\t<\/div>\n\t\t\t\t\t<\/div>\n\t\t<\/section>\n\t\t\t\t<section class=\"elementor-section elementor-top-section elementor-element elementor-element-5b1d3c8 elementor-section-height-min-height elementor-section-items-stretch elementor-section-content-middle elementor-section-boxed elementor-section-height-default\" data-id=\"5b1d3c8\" data-element_type=\"section\">\n\t\t\t\t\t\t<div class=\"elementor-container elementor-column-gap-wider\">\n\t\t\t\t\t<div class=\"elementor-column elementor-col-50 elementor-top-column elementor-element elementor-element-94483e2\" data-id=\"94483e2\" data-element_type=\"column\">\n\t\t\t<div class=\"elementor-widget-wrap elementor-element-populated\">\n\t\t\t\t\t\t<div class=\"elementor-element elementor-element-7d34f56 elementor-widget__width-initial elementor-widget-mobile__width-auto elementor-widget elementor-widget-image\" data-id=\"7d34f56\" data-element_type=\"widget\" data-widget_type=\"image.default\">\n\t\t\t\t<div class=\"elementor-widget-container\">\n\t\t\t\t\t\t\t\t\t\t\t\t\t<img decoding=\"async\" src=\"https:\/\/leperigordetsestoitures.fr\/wp-content\/uploads\/elementor\/thumbs\/man-working-roof-with-drill-low-view-scaled-qxyx08i90ok2i5bmvq3kx7rs0e0vy4zoomw1vvddlc.jpg\" title=\"man-working-roof-with-drill-low-view\" alt=\"man-working-roof-with-drill-low-view\" loading=\"lazy\" \/>\t\t\t\t\t\t\t\t\t\t\t\t\t<\/div>\n\t\t\t\t<\/div>\n\t\t\t\t<div class=\"elementor-element elementor-element-defa5a6 elementor-widget__width-initial elementor-widget-mobile__width-auto elementor-absolute e-transform e-transform elementor-widget elementor-widget-image\" data-id=\"defa5a6\" data-element_type=\"widget\" data-settings=\"{&quot;_position&quot;:&quot;absolute&quot;,&quot;_transform_translateX_effect&quot;:{&quot;unit&quot;:&quot;%&quot;,&quot;size&quot;:18,&quot;sizes&quot;:[]},&quot;_transform_translateX_effect_tablet&quot;:{&quot;unit&quot;:&quot;%&quot;,&quot;size&quot;:&quot;&quot;,&quot;sizes&quot;:[]},&quot;_transform_translateX_effect_mobile&quot;:{&quot;unit&quot;:&quot;%&quot;,&quot;size&quot;:&quot;&quot;,&quot;sizes&quot;:[]},&quot;_transform_translateY_effect&quot;:{&quot;unit&quot;:&quot;%&quot;,&quot;size&quot;:-18,&quot;sizes&quot;:[]},&quot;_transform_translateY_effect_tablet&quot;:{&quot;unit&quot;:&quot;%&quot;,&quot;size&quot;:&quot;&quot;,&quot;sizes&quot;:[]},&quot;_transform_translateY_effect_mobile&quot;:{&quot;unit&quot;:&quot;%&quot;,&quot;size&quot;:&quot;&quot;,&quot;sizes&quot;:[]},&quot;_transform_scale_effect&quot;:{&quot;unit&quot;:&quot;px&quot;,&quot;size&quot;:0.6,&quot;sizes&quot;:[]},&quot;_transform_scale_effect_tablet&quot;:{&quot;unit&quot;:&quot;px&quot;,&quot;size&quot;:&quot;&quot;,&quot;sizes&quot;:[]},&quot;_transform_scale_effect_mobile&quot;:{&quot;unit&quot;:&quot;px&quot;,&quot;size&quot;:&quot;&quot;,&quot;sizes&quot;:[]}}\" data-widget_type=\"image.default\">\n\t\t\t\t<div class=\"elementor-widget-container\">\n\t\t\t\t\t\t\t\t\t\t\t\t\t<img decoding=\"async\" src=\"https:\/\/leperigordetsestoitures.fr\/wp-content\/uploads\/2022\/10\/sqr031-col1.svg\" title=\"sqr031-col1\" alt=\"sqr031-col1\" loading=\"lazy\" \/>\t\t\t\t\t\t\t\t\t\t\t\t\t<\/div>\n\t\t\t\t<\/div>\n\t\t\t\t<div class=\"elementor-element elementor-element-ebe6b69 elementor-widget__width-initial elementor-widget-mobile__width-auto elementor-absolute e-transform e-transform elementor-widget elementor-widget-image\" data-id=\"ebe6b69\" data-element_type=\"widget\" data-settings=\"{&quot;_position&quot;:&quot;absolute&quot;,&quot;_transform_translateX_effect&quot;:{&quot;unit&quot;:&quot;%&quot;,&quot;size&quot;:-32,&quot;sizes&quot;:[]},&quot;_transform_translateX_effect_tablet&quot;:{&quot;unit&quot;:&quot;%&quot;,&quot;size&quot;:&quot;&quot;,&quot;sizes&quot;:[]},&quot;_transform_translateX_effect_mobile&quot;:{&quot;unit&quot;:&quot;%&quot;,&quot;size&quot;:&quot;&quot;,&quot;sizes&quot;:[]},&quot;_transform_translateY_effect&quot;:{&quot;unit&quot;:&quot;%&quot;,&quot;size&quot;:28,&quot;sizes&quot;:[]},&quot;_transform_translateY_effect_tablet&quot;:{&quot;unit&quot;:&quot;%&quot;,&quot;size&quot;:&quot;&quot;,&quot;sizes&quot;:[]},&quot;_transform_translateY_effect_mobile&quot;:{&quot;unit&quot;:&quot;%&quot;,&quot;size&quot;:&quot;&quot;,&quot;sizes&quot;:[]},&quot;_transform_scale_effect&quot;:{&quot;unit&quot;:&quot;px&quot;,&quot;size&quot;:0.28,&quot;sizes&quot;:[]},&quot;_transform_scale_effect_tablet&quot;:{&quot;unit&quot;:&quot;px&quot;,&quot;size&quot;:&quot;&quot;,&quot;sizes&quot;:[]},&quot;_transform_scale_effect_mobile&quot;:{&quot;unit&quot;:&quot;px&quot;,&quot;size&quot;:&quot;&quot;,&quot;sizes&quot;:[]}}\" data-widget_type=\"image.default\">\n\t\t\t\t<div class=\"elementor-widget-container\">\n\t\t\t\t\t\t\t\t\t\t\t\t\t<img decoding=\"async\" src=\"https:\/\/leperigordetsestoitures.fr\/wp-content\/uploads\/2022\/10\/sqr031-col2.svg\" title=\"sqr031-col2\" alt=\"sqr031-col2\" loading=\"lazy\" \/>\t\t\t\t\t\t\t\t\t\t\t\t\t<\/div>\n\t\t\t\t<\/div>\n\t\t\t\t\t<\/div>\n\t\t<\/div>\n\t\t\t\t<div class=\"elementor-column elementor-col-50 elementor-top-column elementor-element elementor-element-e5d69fa\" data-id=\"e5d69fa\" data-element_type=\"column\">\n\t\t\t<div class=\"elementor-widget-wrap elementor-element-populated\">\n\t\t\t\t\t\t<div class=\"elementor-element elementor-element-382dd86 elementor-widget elementor-widget-heading\" data-id=\"382dd86\" data-element_type=\"widget\" data-widget_type=\"heading.default\">\n\t\t\t\t<div class=\"elementor-widget-container\">\n\t\t\t<h3 class=\"elementor-heading-title elementor-size-default\">Contactez votre zingueur dans le P\u00e9rigord pour un devis <\/h3>\t\t<\/div>\n\t\t\t\t<\/div>\n\t\t\t\t<div class=\"elementor-element elementor-element-c951022 elementor-widget elementor-widget-spacer\" data-id=\"c951022\" data-element_type=\"widget\" data-widget_type=\"spacer.default\">\n\t\t\t\t<div class=\"elementor-widget-container\">\n\t\t\t\t\t<div class=\"elementor-spacer\">\n\t\t\t<div class=\"elementor-spacer-inner\"><\/div>\n\t\t<\/div>\n\t\t\t\t<\/div>\n\t\t\t\t<\/div>\n\t\t\t\t<div class=\"elementor-element elementor-element-15e3139 elementor-widget elementor-widget-text-editor\" data-id=\"15e3139\" data-element_type=\"widget\" data-widget_type=\"text-editor.default\">\n\t\t\t\t<div class=\"elementor-widget-container\">\n\t\t\t\t\t\t\t<p>Confiez vos travaux de zinguerie \u00e0 des experts passionn\u00e9s par leur m\u00e9tier. Nous intervenons dans tout le <strong>P\u00e9rigord<\/strong> pour assurer la long\u00e9vit\u00e9 et la beaut\u00e9 de votre toiture.<\/p>\t\t\t\t\t\t<\/div>\n\t\t\t\t<\/div>\n\t\t\t\t<div class=\"elementor-element elementor-element-2ff3adb elementor-widget elementor-widget-spacer\" data-id=\"2ff3adb\" data-element_type=\"widget\" data-widget_type=\"spacer.default\">\n\t\t\t\t<div class=\"elementor-widget-container\">\n\t\t\t\t\t<div class=\"elementor-spacer\">\n\t\t\t<div class=\"elementor-spacer-inner\"><\/div>\n\t\t<\/div>\n\t\t\t\t<\/div>\n\t\t\t\t<\/div>\n\t\t\t\t<div class=\"elementor-element elementor-element-b08ffea elementor-button-align-stretch elementor-widget elementor-widget-form\" data-id=\"b08ffea\" data-element_type=\"widget\" data-settings=\"{&quot;step_next_label&quot;:&quot;Next&quot;,&quot;step_previous_label&quot;:&quot;Previous&quot;,&quot;step_type&quot;:&quot;number_text&quot;,&quot;step_icon_shape&quot;:&quot;circle&quot;}\" data-widget_type=\"form.default\">\n\t\t\t\t<div class=\"elementor-widget-container\">\n\t\t\t\t\t<form class=\"elementor-form\" method=\"post\" name=\"Demande de rappel\">\n\t\t\t<input type=\"hidden\" name=\"post_id\" value=\"11286\"\/>\n\t\t\t<input type=\"hidden\" name=\"form_id\" value=\"b08ffea\"\/>\n\t\t\t<input type=\"hidden\" name=\"referer_title\" value=\"Zingueur\" \/>\n\n\t\t\t\t\t\t\t<input type=\"hidden\" name=\"queried_id\" value=\"11286\"\/>\n\t\t\t\n\t\t\t<div class=\"elementor-form-fields-wrapper elementor-labels-above\">\n\t\t\t\t\t\t\t\t<div class=\"elementor-field-type-text elementor-field-group elementor-column elementor-field-group-name elementor-col-100 elementor-field-required elementor-mark-required\">\n\t\t\t\t\t\t\t\t\t\t\t\t<label for=\"form-field-name\" class=\"elementor-field-label\">\n\t\t\t\t\t\t\t\tNom\t\t\t\t\t\t\t<\/label>\n\t\t\t\t\t\t\t\t\t\t\t\t\t\t<input size=\"1\" type=\"text\" name=\"form_fields[name]\" id=\"form-field-name\" class=\"elementor-field elementor-size-md  elementor-field-textual\" required=\"required\" aria-required=\"true\">\n\t\t\t\t\t\t\t\t\t\t\t<\/div>\n\t\t\t\t\t\t\t\t<div class=\"elementor-field-type-tel elementor-field-group elementor-column elementor-field-group-field_90029d6 elementor-col-50 elementor-field-required elementor-mark-required\">\n\t\t\t\t\t\t\t\t\t\t\t\t<label for=\"form-field-field_90029d6\" class=\"elementor-field-label\">\n\t\t\t\t\t\t\t\tT\u00e9l\u00e9phone\t\t\t\t\t\t\t<\/label>\n\t\t\t\t\t\t\t\t<input size=\"1\" type=\"tel\" name=\"form_fields[field_90029d6]\" id=\"form-field-field_90029d6\" class=\"elementor-field elementor-size-md  elementor-field-textual\" required=\"required\" aria-required=\"true\" pattern=\"[0-9()#&amp;+*-=.]+\" title=\"Only numbers and phone characters (#, -, *, etc) are accepted.\">\n\n\t\t\t\t\t\t<\/div>\n\t\t\t\t\t\t\t\t<div class=\"elementor-field-type-email elementor-field-group elementor-column elementor-field-group-field_8e5412f elementor-col-50 elementor-field-required elementor-mark-required\">\n\t\t\t\t\t\t\t\t\t\t\t\t<label for=\"form-field-field_8e5412f\" class=\"elementor-field-label\">\n\t\t\t\t\t\t\t\tEmail\t\t\t\t\t\t\t<\/label>\n\t\t\t\t\t\t\t\t\t\t\t\t\t\t<input size=\"1\" type=\"email\" name=\"form_fields[field_8e5412f]\" id=\"form-field-field_8e5412f\" class=\"elementor-field elementor-size-md  elementor-field-textual\" required=\"required\" aria-required=\"true\">\n\t\t\t\t\t\t\t\t\t\t\t<\/div>\n\t\t\t\t\t\t\t\t<div class=\"elementor-field-group elementor-column elementor-field-type-submit elementor-col-100 e-form__buttons\">\n\t\t\t\t\t<button class=\"elementor-button elementor-size-lg\" type=\"submit\">\n\t\t\t\t\t\t<span class=\"elementor-button-content-wrapper\">\n\t\t\t\t\t\t\t\t\t\t\t\t\t\t\t<span class=\"elementor-button-icon\">\n\t\t\t\t\t\t\t\t\t<i aria-hidden=\"true\" class=\"feather feather-phone-incoming\"><\/i>\t\t\t\t\t\t\t\t\t\t\t\t\t\t\t\t\t<\/span>\n\t\t\t\t\t\t\t\t\t\t\t\t\t\t\t\t\t\t\t\t\t\t<span class=\"elementor-button-text\">Demander \u00e0 \u00eatre rappel\u00e9<\/span>\n\t\t\t\t\t\t\t\t\t\t\t\t\t<\/span>\n\t\t\t\t\t<\/button>\n\t\t\t\t<\/div>\n\t\t\t<\/div>\n\t\t<\/form>\n\t\t\t\t<\/div>\n\t\t\t\t<\/div>\n\t\t\t\t\t<\/div>\n\t\t<\/div>\n\t\t\t\t\t<\/div>\n\t\t<\/section>\n\t\t\t\t<\/div>\n\t\t","protected":false},"excerpt":{"rendered":"<p>Zingueur professionnel dans le P\u00e9rigord : Esth\u00e9tique et \u00e9tanch\u00e9it\u00e9 au sommet La zinguerie est un \u00e9l\u00e9ment cl\u00e9 de votre toiture, garantissant \u00e0 la fois l\u2019esth\u00e9tique et l\u2019\u00e9tanch\u00e9it\u00e9 de votre maison. Sp\u00e9cialistes en travaux de zinguerie, nous intervenons dans tout le P\u00e9rigord, notamment \u00e0 P\u00e9rigueux, Bergerac, Sarlat-la-Can\u00e9da, et les environs. Que ce soit pour des goutti\u00e8res,&hellip;<\/p>\n","protected":false},"author":1,"featured_media":0,"parent":0,"menu_order":6,"comment_status":"closed","ping_status":"closed","template":"","meta":{"footnotes":""},"class_list":["post-11286","page","type-page","status-publish","hentry"],"_links":{"self":[{"href":"https:\/\/leperigordetsestoitures.fr\/index.php\/wp-json\/wp\/v2\/pages\/11286","targetHints":{"allow":["GET"]}}],"collection":[{"href":"https:\/\/leperigordetsestoitures.fr\/index.php\/wp-json\/wp\/v2\/pages"}],"about":[{"href":"https:\/\/leperigordetsestoitures.fr\/index.php\/wp-json\/wp\/v2\/types\/page"}],"author":[{"embeddable":true,"href":"https:\/\/leperigordetsestoitures.fr\/index.php\/wp-json\/wp\/v2\/users\/1"}],"replies":[{"embeddable":true,"href":"https:\/\/leperigordetsestoitures.fr\/index.php\/wp-json\/wp\/v2\/comments?post=11286"}],"version-history":[{"count":15,"href":"https:\/\/leperigordetsestoitures.fr\/index.php\/wp-json\/wp\/v2\/pages\/11286\/revisions"}],"predecessor-version":[{"id":11485,"href":"https:\/\/leperigordetsestoitures.fr\/index.php\/wp-json\/wp\/v2\/pages\/11286\/revisions\/11485"}],"wp:attachment":[{"href":"https:\/\/leperigordetsestoitures.fr\/index.php\/wp-json\/wp\/v2\/media?parent=11286"}],"curies":[{"name":"wp","href":"https:\/\/api.w.org\/{rel}","templated":true}]}}