{"id":11278,"date":"2024-12-02T14:23:09","date_gmt":"2024-12-02T14:23:09","guid":{"rendered":"https:\/\/toiture.kraken-design.eu\/?page_id=11278"},"modified":"2024-12-03T15:17:40","modified_gmt":"2024-12-03T15:17:40","slug":"restauration-de-toiture-a-lidentique","status":"publish","type":"page","link":"https:\/\/leperigordetsestoitures.fr\/index.php\/restauration-de-toiture-a-lidentique\/","title":{"rendered":"Restauration de toiture \u00e0 l\u2019identique"},"content":{"rendered":"\t\t<div data-elementor-type=\"wp-page\" data-elementor-id=\"11278\" class=\"elementor elementor-11278\" data-elementor-post-type=\"page\">\n\t\t\t\t\t\t<section class=\"elementor-section elementor-top-section elementor-element elementor-element-63643e9 elementor-section-boxed elementor-section-height-default elementor-section-height-default\" data-id=\"63643e9\" data-element_type=\"section\">\n\t\t\t\t\t\t<div class=\"elementor-container elementor-column-gap-wider\">\n\t\t\t\t\t<div class=\"elementor-column elementor-col-100 elementor-top-column elementor-element elementor-element-e394ae9\" data-id=\"e394ae9\" data-element_type=\"column\">\n\t\t\t<div class=\"elementor-widget-wrap elementor-element-populated\">\n\t\t\t\t\t\t<div class=\"elementor-element elementor-element-38b5407 elementor-widget elementor-widget-heading\" data-id=\"38b5407\" data-element_type=\"widget\" data-widget_type=\"heading.default\">\n\t\t\t\t<div class=\"elementor-widget-container\">\n\t\t\t<h2 class=\"elementor-heading-title elementor-size-default\">Restauration de toiture \u00e0 l\u2019identique dans le P\u00e9rigord : Tradition et savoir-faire<\/h2>\t\t<\/div>\n\t\t\t\t<\/div>\n\t\t\t\t<div class=\"elementor-element elementor-element-5ecdec6 elementor-widget elementor-widget-spacer\" data-id=\"5ecdec6\" data-element_type=\"widget\" data-widget_type=\"spacer.default\">\n\t\t\t\t<div class=\"elementor-widget-container\">\n\t\t\t\t\t<div class=\"elementor-spacer\">\n\t\t\t<div class=\"elementor-spacer-inner\"><\/div>\n\t\t<\/div>\n\t\t\t\t<\/div>\n\t\t\t\t<\/div>\n\t\t\t\t<div class=\"elementor-element elementor-element-1c055b5 elementor-widget elementor-widget-text-editor\" data-id=\"1c055b5\" data-element_type=\"widget\" data-widget_type=\"text-editor.default\">\n\t\t\t\t<div class=\"elementor-widget-container\">\n\t\t\t\t\t\t\t<p>Votre toiture fait partie int\u00e9grante du patrimoine architectural de votre maison. Pour pr\u00e9server son authenticit\u00e9 tout en assurant sa solidit\u00e9, optez pour une restauration \u00e0 l\u2019identique. Sp\u00e9cialistes des toitures traditionnelles du <strong>P\u00e9rigord<\/strong>, nous intervenons \u00e0 <strong>P\u00e9rigueux<\/strong>, <strong>Bergerac<\/strong>, <strong>Sarlat-la-Can\u00e9da<\/strong>, et dans toute la r\u00e9gion pour des r\u00e9novations qui respectent l\u2019histoire et le style de votre habitation.<\/p><p><strong>Pourquoi restaurer votre toiture \u00e0 l\u2019identique\u202f?<\/strong><\/p><ul><li><strong>Pr\u00e9server le patrimoine<\/strong> : Les toitures en tuiles anciennes, ardoises naturelles, ou lauzes sont des tr\u00e9sors architecturaux qu\u2019il est important de conserver.<\/li><li><strong>Respecter les normes locales<\/strong> : Les b\u00e2timents situ\u00e9s dans des zones prot\u00e9g\u00e9es ou class\u00e9es n\u00e9cessitent souvent une restauration \u00e0 l\u2019identique.<\/li><li><strong>Am\u00e9liorer la s\u00e9curit\u00e9 et l\u2019\u00e9tanch\u00e9it\u00e9<\/strong> : Une toiture r\u00e9nov\u00e9e prot\u00e8ge efficacement contre les intemp\u00e9ries tout en renfor\u00e7ant la structure du b\u00e2timent.<\/li><li><strong>Valoriser votre bien<\/strong> : Une maison avec une toiture restaur\u00e9e selon les techniques traditionnelles gagne en charme et en valeur.<\/li><\/ul><p><strong>Nos prestations de restauration de toiture<\/strong><\/p><ol><li><strong>\u00c9tude pr\u00e9alable et diagnostic<\/strong><br \/>Inspection d\u00e9taill\u00e9e de la toiture pour identifier les mat\u00e9riaux d\u2019origine et les travaux n\u00e9cessaires.<\/li><li><strong>Restauration de mat\u00e9riaux anciens<\/strong><br \/>R\u00e9utilisation des tuiles, ardoises ou lauzes existantes lorsque cela est possible, ou recherche de mat\u00e9riaux similaires pour un rendu authentique.<\/li><li><strong>Charpente traditionnelle<\/strong><br \/>R\u00e9paration ou remplacement de la charpente avec des techniques artisanales et des essences de bois locales.<\/li><li><strong>\u00c9tanch\u00e9it\u00e9 et isolation<\/strong><br \/>Int\u00e9gration discr\u00e8te de solutions modernes pour renforcer l\u2019\u00e9tanch\u00e9it\u00e9 et am\u00e9liorer le confort thermique.<\/li><li><strong>Respect des r\u00e8gles de l\u2019art<\/strong><br \/>Utilisation de techniques traditionnelles pour garantir un r\u00e9sultat fid\u00e8le \u00e0 l\u2019original.<\/li><\/ol><p><strong>Pourquoi nous choisir pour la restauration de votre toiture\u202f?<\/strong><\/p><ul><li><strong>Une expertise locale<\/strong> : Nous connaissons les sp\u00e9cificit\u00e9s des toitures p\u00e9rigourdines, qu\u2019elles soient en tuiles plates, canal, ou lauzes.<\/li><li><strong>Engagement pour le patrimoine<\/strong> : Nos artisans travaillent avec minutie pour respecter l\u2019histoire et l\u2019authenticit\u00e9 de chaque maison.<\/li><li><strong>Mat\u00e9riaux de qualit\u00e9<\/strong> : Partenariats avec des fournisseurs sp\u00e9cialis\u00e9s dans les mat\u00e9riaux anciens et traditionnels.<\/li><li><strong>Accompagnement personnalis\u00e9<\/strong> : Conseils et suivi \u00e0 chaque \u00e9tape, en lien avec les exigences locales et les architectes des b\u00e2timents de France si n\u00e9cessaire.<\/li><\/ul>\t\t\t\t\t\t<\/div>\n\t\t\t\t<\/div>\n\t\t\t\t\t<\/div>\n\t\t<\/div>\n\t\t\t\t\t<\/div>\n\t\t<\/section>\n\t\t\t\t<section class=\"elementor-section elementor-top-section elementor-element elementor-element-0ad34e6 elementor-section-height-min-height elementor-section-items-stretch elementor-section-content-middle elementor-section-boxed elementor-section-height-default\" data-id=\"0ad34e6\" data-element_type=\"section\">\n\t\t\t\t\t\t<div class=\"elementor-container elementor-column-gap-wider\">\n\t\t\t\t\t<div class=\"elementor-column elementor-col-50 elementor-top-column elementor-element elementor-element-7755716\" data-id=\"7755716\" data-element_type=\"column\">\n\t\t\t<div class=\"elementor-widget-wrap elementor-element-populated\">\n\t\t\t\t\t\t<div class=\"elementor-element elementor-element-8db1cbe elementor-widget__width-initial elementor-widget-mobile__width-auto elementor-widget elementor-widget-image\" data-id=\"8db1cbe\" data-element_type=\"widget\" data-widget_type=\"image.default\">\n\t\t\t\t<div class=\"elementor-widget-container\">\n\t\t\t\t\t\t\t\t\t\t\t\t\t<img decoding=\"async\" src=\"https:\/\/leperigordetsestoitures.fr\/wp-content\/uploads\/elementor\/thumbs\/home-clay-roof-tile-scaled-qxywx2rs1q8dhbwubuxq1ih04rlh2rg5wzyate20i8.jpg\" title=\"Home clay roof tile\" alt=\"Home clay roof tile\" loading=\"lazy\" \/>\t\t\t\t\t\t\t\t\t\t\t\t\t<\/div>\n\t\t\t\t<\/div>\n\t\t\t\t<div class=\"elementor-element elementor-element-3961a98 elementor-widget__width-initial elementor-widget-mobile__width-auto elementor-absolute e-transform e-transform elementor-widget elementor-widget-image\" data-id=\"3961a98\" data-element_type=\"widget\" data-settings=\"{&quot;_position&quot;:&quot;absolute&quot;,&quot;_transform_translateX_effect&quot;:{&quot;unit&quot;:&quot;%&quot;,&quot;size&quot;:18,&quot;sizes&quot;:[]},&quot;_transform_translateX_effect_tablet&quot;:{&quot;unit&quot;:&quot;%&quot;,&quot;size&quot;:&quot;&quot;,&quot;sizes&quot;:[]},&quot;_transform_translateX_effect_mobile&quot;:{&quot;unit&quot;:&quot;%&quot;,&quot;size&quot;:&quot;&quot;,&quot;sizes&quot;:[]},&quot;_transform_translateY_effect&quot;:{&quot;unit&quot;:&quot;%&quot;,&quot;size&quot;:-18,&quot;sizes&quot;:[]},&quot;_transform_translateY_effect_tablet&quot;:{&quot;unit&quot;:&quot;%&quot;,&quot;size&quot;:&quot;&quot;,&quot;sizes&quot;:[]},&quot;_transform_translateY_effect_mobile&quot;:{&quot;unit&quot;:&quot;%&quot;,&quot;size&quot;:&quot;&quot;,&quot;sizes&quot;:[]},&quot;_transform_scale_effect&quot;:{&quot;unit&quot;:&quot;px&quot;,&quot;size&quot;:0.6,&quot;sizes&quot;:[]},&quot;_transform_scale_effect_tablet&quot;:{&quot;unit&quot;:&quot;px&quot;,&quot;size&quot;:&quot;&quot;,&quot;sizes&quot;:[]},&quot;_transform_scale_effect_mobile&quot;:{&quot;unit&quot;:&quot;px&quot;,&quot;size&quot;:&quot;&quot;,&quot;sizes&quot;:[]}}\" data-widget_type=\"image.default\">\n\t\t\t\t<div class=\"elementor-widget-container\">\n\t\t\t\t\t\t\t\t\t\t\t\t\t<img decoding=\"async\" src=\"https:\/\/leperigordetsestoitures.fr\/wp-content\/uploads\/2022\/10\/sqr031-col1.svg\" title=\"sqr031-col1\" alt=\"sqr031-col1\" loading=\"lazy\" \/>\t\t\t\t\t\t\t\t\t\t\t\t\t<\/div>\n\t\t\t\t<\/div>\n\t\t\t\t<div class=\"elementor-element elementor-element-3bb9a91 elementor-widget__width-initial elementor-widget-mobile__width-auto elementor-absolute e-transform e-transform elementor-widget elementor-widget-image\" data-id=\"3bb9a91\" data-element_type=\"widget\" data-settings=\"{&quot;_position&quot;:&quot;absolute&quot;,&quot;_transform_translateX_effect&quot;:{&quot;unit&quot;:&quot;%&quot;,&quot;size&quot;:-32,&quot;sizes&quot;:[]},&quot;_transform_translateX_effect_tablet&quot;:{&quot;unit&quot;:&quot;%&quot;,&quot;size&quot;:&quot;&quot;,&quot;sizes&quot;:[]},&quot;_transform_translateX_effect_mobile&quot;:{&quot;unit&quot;:&quot;%&quot;,&quot;size&quot;:&quot;&quot;,&quot;sizes&quot;:[]},&quot;_transform_translateY_effect&quot;:{&quot;unit&quot;:&quot;%&quot;,&quot;size&quot;:28,&quot;sizes&quot;:[]},&quot;_transform_translateY_effect_tablet&quot;:{&quot;unit&quot;:&quot;%&quot;,&quot;size&quot;:&quot;&quot;,&quot;sizes&quot;:[]},&quot;_transform_translateY_effect_mobile&quot;:{&quot;unit&quot;:&quot;%&quot;,&quot;size&quot;:&quot;&quot;,&quot;sizes&quot;:[]},&quot;_transform_scale_effect&quot;:{&quot;unit&quot;:&quot;px&quot;,&quot;size&quot;:0.28,&quot;sizes&quot;:[]},&quot;_transform_scale_effect_tablet&quot;:{&quot;unit&quot;:&quot;px&quot;,&quot;size&quot;:&quot;&quot;,&quot;sizes&quot;:[]},&quot;_transform_scale_effect_mobile&quot;:{&quot;unit&quot;:&quot;px&quot;,&quot;size&quot;:&quot;&quot;,&quot;sizes&quot;:[]}}\" data-widget_type=\"image.default\">\n\t\t\t\t<div class=\"elementor-widget-container\">\n\t\t\t\t\t\t\t\t\t\t\t\t\t<img decoding=\"async\" src=\"https:\/\/leperigordetsestoitures.fr\/wp-content\/uploads\/2022\/10\/sqr031-col2.svg\" title=\"sqr031-col2\" alt=\"sqr031-col2\" loading=\"lazy\" \/>\t\t\t\t\t\t\t\t\t\t\t\t\t<\/div>\n\t\t\t\t<\/div>\n\t\t\t\t\t<\/div>\n\t\t<\/div>\n\t\t\t\t<div class=\"elementor-column elementor-col-50 elementor-top-column elementor-element elementor-element-af8a355\" data-id=\"af8a355\" data-element_type=\"column\">\n\t\t\t<div class=\"elementor-widget-wrap elementor-element-populated\">\n\t\t\t\t\t\t<div class=\"elementor-element elementor-element-ea49e8f elementor-widget elementor-widget-heading\" data-id=\"ea49e8f\" data-element_type=\"widget\" data-widget_type=\"heading.default\">\n\t\t\t\t<div class=\"elementor-widget-container\">\n\t\t\t<h3 class=\"elementor-heading-title elementor-size-default\">Contactez-nous pour un devis personnalis\u00e9<\/h3>\t\t<\/div>\n\t\t\t\t<\/div>\n\t\t\t\t<div class=\"elementor-element elementor-element-c6a4970 elementor-widget elementor-widget-spacer\" data-id=\"c6a4970\" data-element_type=\"widget\" data-widget_type=\"spacer.default\">\n\t\t\t\t<div class=\"elementor-widget-container\">\n\t\t\t\t\t<div class=\"elementor-spacer\">\n\t\t\t<div class=\"elementor-spacer-inner\"><\/div>\n\t\t<\/div>\n\t\t\t\t<\/div>\n\t\t\t\t<\/div>\n\t\t\t\t<div class=\"elementor-element elementor-element-236c75f elementor-widget elementor-widget-text-editor\" data-id=\"236c75f\" data-element_type=\"widget\" data-widget_type=\"text-editor.default\">\n\t\t\t\t<div class=\"elementor-widget-container\">\n\t\t\t\t\t\t\t<p>Vous souhaitez restaurer votre toiture \u00e0 l\u2019identique\u202f? Faites appel \u00e0 des professionnels passionn\u00e9s par le patrimoine local. Nous intervenons rapidement dans tout le <strong>P\u00e9rigord<\/strong> pour \u00e9valuer vos besoins et vous proposer un devis d\u00e9taill\u00e9.<\/p>\t\t\t\t\t\t<\/div>\n\t\t\t\t<\/div>\n\t\t\t\t<div class=\"elementor-element elementor-element-5e4402e elementor-widget elementor-widget-spacer\" data-id=\"5e4402e\" data-element_type=\"widget\" data-widget_type=\"spacer.default\">\n\t\t\t\t<div class=\"elementor-widget-container\">\n\t\t\t\t\t<div class=\"elementor-spacer\">\n\t\t\t<div class=\"elementor-spacer-inner\"><\/div>\n\t\t<\/div>\n\t\t\t\t<\/div>\n\t\t\t\t<\/div>\n\t\t\t\t<div class=\"elementor-element elementor-element-697efbe elementor-button-align-stretch elementor-widget elementor-widget-form\" data-id=\"697efbe\" data-element_type=\"widget\" data-settings=\"{&quot;step_next_label&quot;:&quot;Next&quot;,&quot;step_previous_label&quot;:&quot;Previous&quot;,&quot;step_type&quot;:&quot;number_text&quot;,&quot;step_icon_shape&quot;:&quot;circle&quot;}\" data-widget_type=\"form.default\">\n\t\t\t\t<div class=\"elementor-widget-container\">\n\t\t\t\t\t<form class=\"elementor-form\" method=\"post\" name=\"Demande de rappel\">\n\t\t\t<input type=\"hidden\" name=\"post_id\" value=\"11278\"\/>\n\t\t\t<input type=\"hidden\" name=\"form_id\" value=\"697efbe\"\/>\n\t\t\t<input type=\"hidden\" name=\"referer_title\" value=\"Restauration de toiture \u00e0 l\u2019identique\" \/>\n\n\t\t\t\t\t\t\t<input type=\"hidden\" name=\"queried_id\" value=\"11278\"\/>\n\t\t\t\n\t\t\t<div class=\"elementor-form-fields-wrapper elementor-labels-above\">\n\t\t\t\t\t\t\t\t<div class=\"elementor-field-type-text elementor-field-group elementor-column elementor-field-group-name elementor-col-100 elementor-field-required elementor-mark-required\">\n\t\t\t\t\t\t\t\t\t\t\t\t<label for=\"form-field-name\" class=\"elementor-field-label\">\n\t\t\t\t\t\t\t\tNom\t\t\t\t\t\t\t<\/label>\n\t\t\t\t\t\t\t\t\t\t\t\t\t\t<input size=\"1\" type=\"text\" name=\"form_fields[name]\" id=\"form-field-name\" class=\"elementor-field elementor-size-md  elementor-field-textual\" required=\"required\" aria-required=\"true\">\n\t\t\t\t\t\t\t\t\t\t\t<\/div>\n\t\t\t\t\t\t\t\t<div class=\"elementor-field-type-tel elementor-field-group elementor-column elementor-field-group-field_90029d6 elementor-col-50 elementor-field-required elementor-mark-required\">\n\t\t\t\t\t\t\t\t\t\t\t\t<label for=\"form-field-field_90029d6\" class=\"elementor-field-label\">\n\t\t\t\t\t\t\t\tT\u00e9l\u00e9phone\t\t\t\t\t\t\t<\/label>\n\t\t\t\t\t\t\t\t<input size=\"1\" type=\"tel\" name=\"form_fields[field_90029d6]\" id=\"form-field-field_90029d6\" class=\"elementor-field elementor-size-md  elementor-field-textual\" required=\"required\" aria-required=\"true\" pattern=\"[0-9()#&amp;+*-=.]+\" title=\"Only numbers and phone characters (#, -, *, etc) are accepted.\">\n\n\t\t\t\t\t\t<\/div>\n\t\t\t\t\t\t\t\t<div class=\"elementor-field-type-email elementor-field-group elementor-column elementor-field-group-field_8e5412f elementor-col-50 elementor-field-required elementor-mark-required\">\n\t\t\t\t\t\t\t\t\t\t\t\t<label for=\"form-field-field_8e5412f\" class=\"elementor-field-label\">\n\t\t\t\t\t\t\t\tEmail\t\t\t\t\t\t\t<\/label>\n\t\t\t\t\t\t\t\t\t\t\t\t\t\t<input size=\"1\" type=\"email\" name=\"form_fields[field_8e5412f]\" id=\"form-field-field_8e5412f\" class=\"elementor-field elementor-size-md  elementor-field-textual\" required=\"required\" aria-required=\"true\">\n\t\t\t\t\t\t\t\t\t\t\t<\/div>\n\t\t\t\t\t\t\t\t<div class=\"elementor-field-group elementor-column elementor-field-type-submit elementor-col-100 e-form__buttons\">\n\t\t\t\t\t<button class=\"elementor-button elementor-size-lg\" type=\"submit\">\n\t\t\t\t\t\t<span class=\"elementor-button-content-wrapper\">\n\t\t\t\t\t\t\t\t\t\t\t\t\t\t\t<span class=\"elementor-button-icon\">\n\t\t\t\t\t\t\t\t\t<i aria-hidden=\"true\" class=\"feather feather-phone-incoming\"><\/i>\t\t\t\t\t\t\t\t\t\t\t\t\t\t\t\t\t<\/span>\n\t\t\t\t\t\t\t\t\t\t\t\t\t\t\t\t\t\t\t\t\t\t<span class=\"elementor-button-text\">Demander \u00e0 \u00eatre rappel\u00e9<\/span>\n\t\t\t\t\t\t\t\t\t\t\t\t\t<\/span>\n\t\t\t\t\t<\/button>\n\t\t\t\t<\/div>\n\t\t\t<\/div>\n\t\t<\/form>\n\t\t\t\t<\/div>\n\t\t\t\t<\/div>\n\t\t\t\t\t<\/div>\n\t\t<\/div>\n\t\t\t\t\t<\/div>\n\t\t<\/section>\n\t\t\t\t<\/div>\n\t\t","protected":false},"excerpt":{"rendered":"<p>Restauration de toiture \u00e0 l\u2019identique dans le P\u00e9rigord : Tradition et savoir-faire Votre toiture fait partie int\u00e9grante du patrimoine architectural de votre maison. Pour pr\u00e9server son authenticit\u00e9 tout en assurant sa solidit\u00e9, optez pour une restauration \u00e0 l\u2019identique. Sp\u00e9cialistes des toitures traditionnelles du P\u00e9rigord, nous intervenons \u00e0 P\u00e9rigueux, Bergerac, Sarlat-la-Can\u00e9da, et dans toute la r\u00e9gion&hellip;<\/p>\n","protected":false},"author":1,"featured_media":0,"parent":0,"menu_order":6,"comment_status":"closed","ping_status":"closed","template":"","meta":{"footnotes":""},"class_list":["post-11278","page","type-page","status-publish","hentry"],"_links":{"self":[{"href":"https:\/\/leperigordetsestoitures.fr\/index.php\/wp-json\/wp\/v2\/pages\/11278","targetHints":{"allow":["GET"]}}],"collection":[{"href":"https:\/\/leperigordetsestoitures.fr\/index.php\/wp-json\/wp\/v2\/pages"}],"about":[{"href":"https:\/\/leperigordetsestoitures.fr\/index.php\/wp-json\/wp\/v2\/types\/page"}],"author":[{"embeddable":true,"href":"https:\/\/leperigordetsestoitures.fr\/index.php\/wp-json\/wp\/v2\/users\/1"}],"replies":[{"embeddable":true,"href":"https:\/\/leperigordetsestoitures.fr\/index.php\/wp-json\/wp\/v2\/comments?post=11278"}],"version-history":[{"count":15,"href":"https:\/\/leperigordetsestoitures.fr\/index.php\/wp-json\/wp\/v2\/pages\/11278\/revisions"}],"predecessor-version":[{"id":11479,"href":"https:\/\/leperigordetsestoitures.fr\/index.php\/wp-json\/wp\/v2\/pages\/11278\/revisions\/11479"}],"wp:attachment":[{"href":"https:\/\/leperigordetsestoitures.fr\/index.php\/wp-json\/wp\/v2\/media?parent=11278"}],"curies":[{"name":"wp","href":"https:\/\/api.w.org\/{rel}","templated":true}]}}